{"id":5465,"date":"2023-07-04T12:43:18","date_gmt":"2023-07-04T12:43:18","guid":{"rendered":"https:\/\/andalbrok.es\/ecoes\/?page_id=5465"},"modified":"2024-05-20T11:56:56","modified_gmt":"2024-05-20T11:56:56","slug":"seguro-de-automoviles","status":"publish","type":"page","link":"https:\/\/andalbrok.es\/ecoes\/seguro-de-automoviles\/","title":{"rendered":"Seguro de autom\u00f3viles"},"content":{"rendered":"\t\t<div data-elementor-type=\"wp-page\" data-elementor-id=\"5465\" class=\"elementor elementor-5465\" data-elementor-post-type=\"page\">\n\t\t\t\t\t\t<section class=\"elementor-section elementor-top-section elementor-element elementor-element-5aa48e0 elementor-section-boxed elementor-section-height-default elementor-section-height-default\" data-id=\"5aa48e0\" data-element_type=\"section\" data-e-type=\"section\" data-settings=\"{&quot;background_background&quot;:&quot;classic&quot;}\">\n\t\t\t\t\t\t<div class=\"elementor-container elementor-column-gap-default\">\n\t\t\t\t\t<div class=\"elementor-column elementor-col-50 elementor-top-column elementor-element elementor-element-4ba62e9\" data-id=\"4ba62e9\" data-element_type=\"column\" data-e-type=\"column\">\n\t\t\t<div class=\"elementor-widget-wrap elementor-element-populated\">\n\t\t\t\t\t\t<div class=\"elementor-element elementor-element-5c06185 elementor-widget elementor-widget-heading\" data-id=\"5c06185\" data-element_type=\"widget\" data-e-type=\"widget\" data-widget_type=\"heading.default\">\n\t\t\t\t<div class=\"elementor-widget-container\">\n\t\t\t\t\t<h2 class=\"elementor-heading-title elementor-size-default\">Consulta con nosotros la oferta que mejor se adapta a tus necesidades<\/h2>\t\t\t\t<\/div>\n\t\t\t\t<\/div>\n\t\t\t\t<div class=\"elementor-element elementor-element-0e10622 elementor-widget__width-auto elementor-widget elementor-widget-heading\" data-id=\"0e10622\" data-element_type=\"widget\" data-e-type=\"widget\" data-widget_type=\"heading.default\">\n\t\t\t\t<div class=\"elementor-widget-container\">\n\t\t\t\t\t<h4 class=\"elementor-heading-title elementor-size-default\">Exclusivo para colegiados del ICOES<\/h4>\t\t\t\t<\/div>\n\t\t\t\t<\/div>\n\t\t\t\t\t<\/div>\n\t\t<\/div>\n\t\t\t\t<div class=\"elementor-column elementor-col-50 elementor-top-column elementor-element elementor-element-94c457f\" data-id=\"94c457f\" data-element_type=\"column\" data-e-type=\"column\">\n\t\t\t<div class=\"elementor-widget-wrap elementor-element-populated\">\n\t\t\t\t\t\t<div class=\"elementor-element elementor-element-9d52172 eael-contact-form-7-button-align-center eael-contact-form-7-button-custom elementor-widget elementor-widget-eael-contact-form-7\" data-id=\"9d52172\" data-element_type=\"widget\" data-e-type=\"widget\" id=\"contacto\" data-widget_type=\"eael-contact-form-7.default\">\n\t\t\t\t<div class=\"elementor-widget-container\">\n\t\t\t\t\t<div class=\"eael-contact-form-7-wrapper\">\n                <div class=\"eael-contact-form eael-contact-form-7 eael-contact-form-9d52172 placeholder-show eael-contact-form-align-default\"><div class=\"eael-contact-form-7-heading\"><h3 class=\"eael-contact-form-title eael-contact-form-7-title\">\n                                    Seguro de autom\u00f3viles\n                                <\/h3><div class=\"eael-contact-form-description eael-contact-form-7-description\"> Cumplimenta el siguiente formulario y uno de nuestros asesores contactar\u00e1 contigo, a la mayor brevedad posible, para facilitarte la mejor opci\u00f3n de seguro de auto.\n                        <\/div><\/div>\n<div class=\"wpcf7 no-js\" id=\"wpcf7-f5464-o1\" lang=\"es-ES\" dir=\"ltr\" data-wpcf7-id=\"5464\">\n<div class=\"screen-reader-response\"><p role=\"status\" aria-live=\"polite\" aria-atomic=\"true\"><\/p> <ul><\/ul><\/div>\n<form action=\"\/ecoes\/wp-json\/wp\/v2\/pages\/5465#wpcf7-f5464-o1\" method=\"post\" class=\"wpcf7-form init\" aria-label=\"Formulario de contacto\" novalidate=\"novalidate\" data-status=\"init\">\n<fieldset class=\"hidden-fields-container\"><input type=\"hidden\" name=\"_wpcf7\" value=\"5464\" \/><input type=\"hidden\" name=\"_wpcf7_version\" value=\"6.1.5\" \/><input type=\"hidden\" name=\"_wpcf7_locale\" value=\"es_ES\" \/><input type=\"hidden\" name=\"_wpcf7_unit_tag\" value=\"wpcf7-f5464-o1\" \/><input type=\"hidden\" name=\"_wpcf7_container_post\" value=\"0\" \/><input type=\"hidden\" name=\"_wpcf7_posted_data_hash\" value=\"\" \/><input type=\"hidden\" name=\"_wpcf7_recaptcha_response\" value=\"\" \/>\n<\/fieldset>\n<p><span id=\"wpcf7-6a0547ad0f1fa-wrapper\" class=\"wpcf7-form-control-wrap miel-email-wrap\" style=\"display:none !important; visibility:hidden !important;\"><label for=\"wpcf7-6a0547ad0f1fa-field\" class=\"hp-message\">Por favor, deja este campo vac\u00edo.<\/label><input id=\"wpcf7-6a0547ad0f1fa-field\"  class=\"wpcf7-form-control wpcf7-text\" type=\"text\" name=\"miel-email\" value=\"\" size=\"40\" tabindex=\"-1\" autocomplete=\"new-password\" \/><\/span>\n<\/p>\n<div style=\"display:none;>\n\t<p><span class=\"wpcf7-form-control-wrap\" data-name=\"your-subject\"><input size=\"40\" maxlength=\"400\" class=\"wpcf7-form-control wpcf7-text\" aria-invalid=\"false\" value=\"ECOES AUTO: Solicitud de llamada\" type=\"text\" name=\"your-subject\" \/><\/span>\n\t<\/p>\n<\/div>\n<div style=\"display:none;\"  value=\"0050900000AFfUi\">\n\t<p><span class=\"wpcf7-form-control-wrap\" data-name=\"id-usu\"><input size=\"40\" maxlength=\"400\" class=\"wpcf7-form-control wpcf7-text\" aria-invalid=\"false\" value=\"0050900000AFfUi\" type=\"text\" name=\"id-usu\" \/><\/span>\n\t<\/p>\n<\/div>\n<div style=\"display:none;\"  value=\"Formulario web\">\n\t<p><span class=\"wpcf7-form-control-wrap\" data-name=\"origen\"><input size=\"40\" maxlength=\"400\" class=\"wpcf7-form-control wpcf7-text\" aria-invalid=\"false\" value=\"formulario web\" type=\"text\" name=\"origen\" \/><\/span>\n\t<\/p>\n<\/div>\n<div style=\"display:none;\"  value=\"ECOES\">\n\t<p><span class=\"wpcf7-form-control-wrap\" data-name=\"FW\"><input size=\"40\" maxlength=\"400\" class=\"wpcf7-form-control wpcf7-text\" aria-invalid=\"false\" value=\"ECOES\" type=\"text\" name=\"FW\" \/><\/span>\n\t<\/p>\n<\/div>\n<div style=\"display:none;\"  value=\"AUTO\">\n\t<p><span class=\"wpcf7-form-control-wrap\" data-name=\"Ramo\"><input size=\"40\" maxlength=\"400\" class=\"wpcf7-form-control wpcf7-text\" aria-invalid=\"false\" value=\"AUTO\" type=\"text\" name=\"Ramo\" \/><\/span>\n\t<\/p>\n<\/div>\n<div style=\"display:none;\"  value=\"REALE\">\n\t<p><span class=\"wpcf7-form-control-wrap\" data-name=\"CIA\"><input size=\"40\" maxlength=\"400\" class=\"wpcf7-form-control wpcf7-text\" aria-invalid=\"false\" value=\"REALE\" type=\"text\" name=\"CIA\" \/><\/span>\n\t<\/p>\n<\/div>\n<div style=\"display:none;\"  value=\"Colegio de Enfermer\u00eda de Sevilla\">\n\t<p><span class=\"wpcf7-form-control-wrap\" data-name=\"Colectivo\"><input size=\"40\" maxlength=\"400\" class=\"wpcf7-form-control wpcf7-text\" aria-invalid=\"false\" value=\"Colegio de Enfermer\u00eda de Sevilla\" type=\"text\" name=\"Colectivo\" \/><\/span>\n\t<\/p>\n<\/div>\n<div class=\"formularioEspecifico\">\n\t<div class=\"titulo\">\n\t\t<p>Prefiero ser contactado:\n\t\t<\/p>\n\t<\/div>\n\t<p><span class=\"wpcf7-form-control-wrap\" data-name=\"radio-438\"><span class=\"wpcf7-form-control wpcf7-radio\"><span class=\"wpcf7-list-item first\"><label><input type=\"radio\" name=\"radio-438\" value=\"a cualquier hora\" checked=\"checked\" \/><span class=\"wpcf7-list-item-label\">a cualquier hora<\/span><\/label><\/span><span class=\"wpcf7-list-item\"><label><input type=\"radio\" name=\"radio-438\" value=\"de 9.00 a 12.00 h.\" \/><span class=\"wpcf7-list-item-label\">de 9.00 a 12.00 h.<\/span><\/label><\/span><span class=\"wpcf7-list-item\"><label><input type=\"radio\" name=\"radio-438\" value=\"de 12.00 a 14.00 h.\" \/><span class=\"wpcf7-list-item-label\">de 12.00 a 14.00 h.<\/span><\/label><\/span><span class=\"wpcf7-list-item last\"><label><input type=\"radio\" name=\"radio-438\" value=\"de 16.00 a 19.00 h.\" \/><span class=\"wpcf7-list-item-label\">de 16.00 a 19.00 h.<\/span><\/label><\/span><\/span><\/span>\n\t<\/p>\n\t<p><span class=\"wpcf7-form-control-wrap\" data-name=\"your-name\"><input size=\"40\" maxlength=\"400\" class=\"wpcf7-form-control wpcf7-text wpcf7-validates-as-required\" aria-required=\"true\" aria-invalid=\"false\" placeholder=\"Nombre*\" value=\"\" type=\"text\" name=\"your-name\" \/><\/span>\n\t<\/p>\n\t<p><span class=\"wpcf7-form-control-wrap\" data-name=\"your-sname\"><input size=\"40\" maxlength=\"400\" class=\"wpcf7-form-control wpcf7-text wpcf7-validates-as-required\" aria-required=\"true\" aria-invalid=\"false\" placeholder=\"Apellidos*\" value=\"\" type=\"text\" name=\"your-sname\" \/><\/span>\n\t<\/p>\n\t<p><span class=\"wpcf7-form-control-wrap\" data-name=\"your-email\"><input size=\"40\" maxlength=\"400\" class=\"wpcf7-form-control wpcf7-email wpcf7-validates-as-required wpcf7-text wpcf7-validates-as-email\" aria-required=\"true\" aria-invalid=\"false\" placeholder=\"Email*\" value=\"\" type=\"email\" name=\"your-email\" \/><\/span>\n\t<\/p>\n\t<p><span class=\"wpcf7-form-control-wrap\" data-name=\"your-phone\"><input size=\"40\" maxlength=\"400\" class=\"wpcf7-form-control wpcf7-tel wpcf7-validates-as-required wpcf7-text wpcf7-validates-as-tel\" aria-required=\"true\" aria-invalid=\"false\" placeholder=\"Tel\u00e9fono*\" value=\"\" type=\"tel\" name=\"your-phone\" \/><\/span>\n\t<\/p>\n<\/div>\n<p style=\"font-weight: light; font-size: 12px; line-height: 12px; color: white;\">AndalBrok tratar\u00e1 los datos personales con el fin de gestionar su solicitud de informaci\u00f3n, en base a esta relaci\u00f3n precontractual. Tiene derecho a acceder, rectificar y suprimir los datos, as\u00ed como otros derechos. M\u00e1s informaci\u00f3n sobre este tratamiento y sus derechos en nuestra <u><a style=\"color: white;\" href=\"https:\/\/andalbrok.es\/politica-de-privacidad\" target=\"_blank\" rel=\"nofollow noopener noreferrer\">pol\u00edtica de privacidad<\/a><\/u>.\n<\/p>\n<p><span class=\"wpcf7-form-control-wrap\" data-name=\"acceptance-554\"><span class=\"wpcf7-form-control wpcf7-acceptance\"><span class=\"wpcf7-list-item\"><label><input type=\"checkbox\" name=\"acceptance-554\" value=\"1\" class=\"text-privacity\" aria-invalid=\"false\" \/><span class=\"wpcf7-list-item-label\">Comprendo y acepto estos t\u00e9rminos y la pol\u00edtica de privacidad<\/span><\/label><\/span><\/span><\/span>\n<\/p>\n<p><input class=\"wpcf7-form-control wpcf7-submit has-spinner enviarcuadrodetexto2\" type=\"submit\" value=\"Enviar\" \/>\n<\/p><div class=\"wpcf7-response-output\" aria-hidden=\"true\"><\/div>\n<\/form>\n<\/div>\n<\/div>\n            <\/div>\t\t\t\t<\/div>\n\t\t\t\t<\/div>\n\t\t\t\t\t<\/div>\n\t\t<\/div>\n\t\t\t\t\t<\/div>\n\t\t<\/section>\n\t\t\t\t<\/div>\n\t\t","protected":false},"excerpt":{"rendered":"<p>Consulta con nosotros la oferta que mejor se adapta a tus necesidades Exclusivo para colegiados del ICOES Seguro de autom\u00f3viles Cumplimenta el siguiente formulario y uno de nuestros asesores contactar\u00e1 contigo, a la mayor brevedad posible, para facilitarte la mejor opci\u00f3n de seguro de auto. Por favor, deja este campo vac\u00edo. Prefiero ser contactado: a [&hellip;]<\/p>\n","protected":false},"author":1,"featured_media":0,"parent":0,"menu_order":0,"comment_status":"closed","ping_status":"closed","template":"","meta":{"_monsterinsights_skip_tracking":false,"_monsterinsights_sitenote_active":false,"_monsterinsights_sitenote_note":"","_monsterinsights_sitenote_category":0,"site-sidebar-layout":"no-sidebar","site-content-layout":"page-builder","ast-site-content-layout":"default","site-content-style":"default","site-sidebar-style":"default","ast-global-header-display":"","ast-banner-title-visibility":"","ast-main-header-display":"","ast-hfb-above-header-display":"","ast-hfb-below-header-display":"","ast-hfb-mobile-header-display":"","site-post-title":"disabled","ast-breadcrumbs-content":"","ast-featured-img":"disabled","footer-sml-layout":"","ast-disable-related-posts":"","theme-transparent-header-meta":"","adv-header-id-meta":"","stick-header-meta":"","header-above-stick-meta":"","header-main-stick-meta":"","header-below-stick-meta":"","astra-migrate-meta-layouts":"default","ast-page-background-enabled":"default","ast-page-background-meta":{"desktop":{"background-color":"","background-image":"","background-repeat":"repeat","background-position":"center center","background-size":"auto","background-attachment":"scroll","background-type":"","background-media":"","overlay-type":"","overlay-color":"","overlay-opacity":"","overlay-gradient":""},"tablet":{"background-color":"","background-image":"","background-repeat":"repeat","background-position":"center center","background-size":"auto","background-attachment":"scroll","background-type":"","background-media":"","overlay-type":"","overlay-color":"","overlay-opacity":"","overlay-gradient":""},"mobile":{"background-color":"","background-image":"","background-repeat":"repeat","background-position":"center center","background-size":"auto","background-attachment":"scroll","background-type":"","background-media":"","overlay-type":"","overlay-color":"","overlay-opacity":"","overlay-gradient":""}},"ast-content-background-meta":{"desktop":{"background-color":"var(--ast-global-color-5)","background-image":"","background-repeat":"repeat","background-position":"center center","background-size":"auto","background-attachment":"scroll","background-type":"","background-media":"","overlay-type":"","overlay-color":"","overlay-opacity":"","overlay-gradient":""},"tablet":{"background-color":"var(--ast-global-color-5)","background-image":"","background-repeat":"repeat","background-position":"center center","background-size":"auto","background-attachment":"scroll","background-type":"","background-media":"","overlay-type":"","overlay-color":"","overlay-opacity":"","overlay-gradient":""},"mobile":{"background-color":"var(--ast-global-color-5)","background-image":"","background-repeat":"repeat","background-position":"center center","background-size":"auto","background-attachment":"scroll","background-type":"","background-media":"","overlay-type":"","overlay-color":"","overlay-opacity":"","overlay-gradient":""}},"footnotes":""},"class_list":["post-5465","page","type-page","status-publish","hentry"],"_links":{"self":[{"href":"https:\/\/andalbrok.es\/ecoes\/wp-json\/wp\/v2\/pages\/5465","targetHints":{"allow":["GET"]}}],"collection":[{"href":"https:\/\/andalbrok.es\/ecoes\/wp-json\/wp\/v2\/pages"}],"about":[{"href":"https:\/\/andalbrok.es\/ecoes\/wp-json\/wp\/v2\/types\/page"}],"author":[{"embeddable":true,"href":"https:\/\/andalbrok.es\/ecoes\/wp-json\/wp\/v2\/users\/1"}],"replies":[{"embeddable":true,"href":"https:\/\/andalbrok.es\/ecoes\/wp-json\/wp\/v2\/comments?post=5465"}],"version-history":[{"count":16,"href":"https:\/\/andalbrok.es\/ecoes\/wp-json\/wp\/v2\/pages\/5465\/revisions"}],"predecessor-version":[{"id":5926,"href":"https:\/\/andalbrok.es\/ecoes\/wp-json\/wp\/v2\/pages\/5465\/revisions\/5926"}],"wp:attachment":[{"href":"https:\/\/andalbrok.es\/ecoes\/wp-json\/wp\/v2\/media?parent=5465"}],"curies":[{"name":"wp","href":"https:\/\/api.w.org\/{rel}","templated":true}]}}